{"id":28,"date":"2025-06-03T21:42:20","date_gmt":"2025-06-03T21:42:20","guid":{"rendered":"https:\/\/andersongameplays.com.br\/?page_id=28"},"modified":"2025-06-03T21:42:21","modified_gmt":"2025-06-03T21:42:21","slug":"about","status":"publish","type":"page","link":"https:\/\/andersongameplays.com.br\/ar\/about\/","title":{"rendered":"\u0645\u0639\u0644\u0648\u0645\u0627\u062a \u0639\u0646\u0627"},"content":{"rendered":"<div class=\"mx-5 sm:mx-0 prose leading-relaxed text-lg mb-5 text-left wp-paragraph\">\n<p><strong><br><\/strong>\u0623\u0646\u062f\u0631\u0633\u0648\u0646 \u062c\u064a\u0645\u0628\u0644\u0627\u064a \u0647\u0648 \u0645\u0648\u0642\u0639 \u0645\u062e\u0635\u0635 \u0644\u0645\u062d\u0628\u064a \u0627\u0643\u062a\u0634\u0627\u0641 \u0627\u0644\u0623\u0644\u0639\u0627\u0628 \u0648\u0627\u0644\u062a\u0637\u0628\u064a\u0642\u0627\u062a \u0627\u0644\u0631\u0627\u0626\u0639\u0629. \u0633\u062a\u062c\u062f \u0647\u0646\u0627 \u0645\u0631\u0627\u062c\u0639\u0627\u062a \u0645\u0628\u0627\u0634\u0631\u0629\u060c \u0648\u0627\u0642\u062a\u0631\u0627\u062d\u0627\u062a \u0645\u062c\u0631\u0628\u0629\u060c \u0648\u0645\u062d\u062a\u0648\u0649 \u064a\u0633\u0627\u0639\u062f\u0643 \u062d\u0642\u064b\u0627 \u0641\u064a \u0627\u062e\u062a\u064a\u0627\u0631 \u0645\u0627 \u064a\u0633\u062a\u062d\u0642 \u0627\u0644\u062a\u062b\u0628\u064a\u062a \u0639\u0644\u0649 \u0647\u0627\u062a\u0641\u0643\u060c \u0623\u0648 \u062c\u0647\u0627\u0632\u0643\u060c \u0623\u0648 \u062d\u0627\u0633\u0648\u0628\u0643 \u0627\u0644\u0634\u062e\u0635\u064a.<\/p>\n<\/div><div class=\"mx-5 sm:mx-0 prose leading-relaxed text-lg mb-5 text-left wp-paragraph\">\n<p>\u0645\u0639 \u0643\u062b\u0631\u0629 \u0627\u0644\u0625\u0635\u062f\u0627\u0631\u0627\u062a \u0648\u0627\u0644\u0645\u0646\u062a\u062c\u0627\u062a \u0627\u0644\u062c\u062f\u064a\u062f\u0629 \u064a\u0648\u0645\u064a\u064b\u0627\u060c \u0644\u064a\u0633 \u0645\u0646 \u0627\u0644\u0633\u0647\u0644 \u062f\u0627\u0626\u0645\u064b\u0627 \u0645\u0639\u0631\u0641\u0629 \u0645\u0627 \u064a\u064f\u062c\u062f\u064a \u0646\u0641\u0639\u064b\u0627\u060c \u0648\u0645\u0627 \u064a\u064f\u0633\u0644\u064a\u060c \u0648\u0645\u0627 \u064a\u064f\u0642\u062f\u0645 \u062c\u0648\u062f\u0629 \u0639\u0627\u0644\u064a\u0629. \u062f\u0648\u0631\u0646\u0627 \u062a\u062d\u062f\u064a\u062f\u064b\u0627 \u0647\u0648: \u062c\u0639\u0644 \u0647\u0630\u0627 \u0627\u0644\u0639\u0627\u0644\u0645 \u0623\u0643\u062b\u0631 \u0633\u0647\u0648\u0644\u0629\u064b \u0648\u0648\u0636\u0648\u062d\u064b\u0627 \u0648\u0625\u062b\u0627\u0631\u0629\u064b \u0644\u0644\u0627\u0647\u062a\u0645\u0627\u0645 \u0644\u0645\u0646 \u064a\u0631\u063a\u0628\u0648\u0646 \u0641\u064a \u0627\u0644\u0627\u0633\u062a\u0641\u0627\u062f\u0629 \u0628\u0634\u0643\u0644 \u0623\u0641\u0636\u0644 \u0645\u0646 \u0648\u0642\u062a\u0647\u0645 \u0639\u0644\u0649 \u0627\u0644\u0634\u0627\u0634\u0629.<\/p>\n<\/div><div class=\"mx-5 sm:mx-0 prose leading-relaxed text-lg mb-5 text-left wp-paragraph\">\n<p>\u0645\u0639 \u0623\u0646\u0646\u0627 \u0646\u063a\u0637\u064a \u0627\u0644\u0623\u0644\u0639\u0627\u0628 \u0627\u0644\u0631\u0627\u0626\u062c\u0629 \u0648\u0627\u0644\u0623\u062f\u0648\u0627\u062a \u0627\u0644\u0645\u0645\u064a\u0632\u0629 \u0648\u0627\u0644\u0645\u0646\u0635\u0627\u062a \u0627\u0644\u0645\u0639\u0631\u0648\u0641\u0629\u060c \u0625\u0644\u0627 \u0623\u0646\u0646\u0627 \u0644\u0627 \u0646\u0631\u062a\u0628\u0637 \u0628\u0623\u064a \u0639\u0644\u0627\u0645\u0627\u062a \u062a\u062c\u0627\u0631\u064a\u0629 \u0623\u0648 \u0645\u0637\u0648\u0631\u064a\u0646. \u0644\u0627 \u062a\u0628\u064a\u0639 \u0623\u0646\u062f\u0631\u0633\u0648\u0646 \u062c\u064a\u0645\u0628\u0644\u0627\u064a\u0632\u060c \u0648\u0644\u0627 \u062a\u064f\u0631\u0648\u0651\u062c \u0628\u0645\u0648\u062c\u0628 \u0639\u0642\u0648\u062f\u060c \u0648\u0644\u0627 \u062a\u064f\u0645\u062b\u0651\u0644 \u0627\u0644\u0634\u0631\u0643\u0627\u062a. \u064a\u0646\u0635\u0628 \u062a\u0631\u0643\u064a\u0632\u0646\u0627 \u0639\u0644\u0649 \u0627\u0644\u0645\u062d\u062a\u0648\u0649\u060c \u0644\u0627 \u0639\u0644\u0649 \u0627\u0644\u0625\u0639\u0644\u0627\u0646\u0627\u062a.<\/p>\n<\/div><!--advertisement--><div class=\"mx-5 sm:mx-0 sm:text-3xl text-2xl font-medium title-font mb-4 text-gray-900 text-left\">\n<h2 class=\"wp-block-heading\">\u0645\u0647\u0645\u062a\u0646\u0627<\/h2>\n<\/div><div class=\"mx-5 sm:mx-0 prose leading-relaxed text-lg mb-5 text-left wp-paragraph\">\n<p>\u0646\u0647\u062f\u0641 \u0625\u0644\u0649 \u062a\u0642\u062f\u064a\u0645 \u0645\u062d\u062a\u0648\u0649 \u0645\u0648\u062b\u0648\u0642 \u0648\u0639\u0645\u0644\u064a \u0648\u062d\u062f\u064a\u062b \u062d\u0648\u0644 \u0627\u0644\u0623\u0644\u0639\u0627\u0628 \u0648\u0627\u0644\u062a\u0637\u0628\u064a\u0642\u0627\u062a. \u0633\u0648\u0627\u0621 \u0643\u0646\u062a \u0645\u0646 \u0627\u0644\u0644\u0627\u0639\u0628\u064a\u0646 \u0627\u0644\u062f\u0627\u0626\u0645\u064a\u0646 \u0623\u0648 \u062a\u0628\u062d\u062b \u0641\u0642\u0637 \u0639\u0646 \u0627\u0642\u062a\u0631\u0627\u062d\u0627\u062a \u0645\u0641\u064a\u062f\u0629\u060c \u0641\u0625\u0646 \u0647\u062f\u0641\u0646\u0627 \u0647\u0648 \u062a\u0642\u062f\u064a\u0645 \u0645\u0639\u0644\u0648\u0645\u0627\u062a \u0645\u0641\u064a\u062f\u0629\u060c \u0628\u0623\u0633\u0644\u0648\u0628 \u0645\u0628\u0627\u0634\u0631 \u0648\u062f\u0648\u0646 \u0648\u0639\u0648\u062f \u0645\u0628\u0627\u0644\u063a \u0641\u064a\u0647\u0627.<\/p>\n<\/div><div class=\"mx-5 sm:mx-0 prose leading-relaxed text-lg mb-5 text-left wp-paragraph\">\n<p>\u0646\u062d\u0646 \u0645\u0644\u062a\u0632\u0645\u0648\u0646 \u0628\u0627\u0644\u0648\u0636\u0648\u062d. \u0646\u062e\u062a\u0628\u0631 \u0648\u0646\u0642\u0627\u0631\u0646 \u0648\u0646\u0628\u062d\u062b \u0644\u0646\u0636\u0645\u0646 \u0623\u0646 \u0643\u0644 \u0646\u0635\u064a\u062d\u0629 \u0623\u0648 \u062a\u062d\u0644\u064a\u0644 \u0645\u0646\u0634\u0648\u0631 \u0647\u0646\u0627 \u0645\u0641\u064a\u062f \u062d\u0642\u064b\u0627. \u0646\u0642\u062f\u0651\u0631 \u0648\u0642\u062a \u0642\u0631\u0627\u0626\u0646\u0627\u060c \u0648\u0644\u0630\u0644\u0643 \u0646\u0639\u0637\u064a \u0627\u0644\u0623\u0648\u0644\u0648\u064a\u0629 \u0644\u0645\u0627 \u0647\u0648 \u0645\u0647\u0645 \u0648\u0639\u0645\u0644\u064a \u0648\u0645\u062b\u064a\u0631 \u0644\u0644\u0627\u0647\u062a\u0645\u0627\u0645.<\/p>\n<\/div><!--advertisement--><div class=\"mx-5 sm:mx-0 sm:text-3xl text-2xl font-medium title-font mb-4 text-gray-900 text-left\">\n<h2 class=\"wp-block-heading\">\u0645\u0627 \u062a\u062c\u062f\u0647 \u0647\u0646\u0627<\/h2>\n<\/div><div class=\"mx-5 sm:mx-0 prose leading-relaxed text-lg mb-5 text-left wp-paragraph\">\n<p>\u0646\u0642\u0648\u0645 \u0628\u062a\u0646\u0638\u064a\u0645 \u0627\u0644\u0645\u062d\u062a\u0648\u0649 \u0627\u0644\u062e\u0627\u0635 \u0628\u0646\u0627 \u0628\u0646\u0627\u0621\u064b \u0639\u0644\u0649 \u0627\u0644\u0645\u0648\u0627\u0636\u064a\u0639 \u0627\u0644\u062a\u064a \u062a\u0647\u0645 \u0623\u0648\u0644\u0626\u0643 \u0627\u0644\u0630\u064a\u0646 \u064a\u062a\u0627\u0628\u0639\u0648\u0646 \u0639\u0627\u0644\u0645 \u0627\u0644\u0623\u0644\u0639\u0627\u0628 \u0648\u0627\u0644\u062a\u0637\u0628\u064a\u0642\u0627\u062a \u0628\u0627\u0647\u062a\u0645\u0627\u0645 \u0648\u0641\u0636\u0648\u0644:<\/p>\n<\/div><div class=\"mx-5 sm:mx-0 prose leading-relaxed text-lg mb-5 text-left wp-paragraph\">\n<p><strong>\ud83d\udd39 \u0627\u0642\u062a\u0631\u0627\u062d\u0627\u062a \u0627\u0644\u0623\u0644\u0639\u0627\u0628 \u0648\u0627\u0644\u062a\u0637\u0628\u064a\u0642\u0627\u062a<\/strong><\/p>\n<\/div><div class=\"mx-5 sm:mx-0 prose leading-relaxed text-lg mb-5 text-left wp-paragraph\">\n<p>\u0642\u0648\u0627\u0626\u0645 \u0648\u062a\u0648\u0635\u064a\u0627\u062a \u0645\u0635\u0645\u0645\u0629 \u0644\u0645\u0644\u0641\u0627\u062a \u062a\u0639\u0631\u064a\u0641 \u0645\u0633\u062a\u062e\u062f\u0645 \u0645\u062e\u062a\u0644\u0641\u0629: \u0623\u0644\u0639\u0627\u0628 \u063a\u064a\u0631 \u0645\u062a\u0635\u0644\u0629 \u0628\u0627\u0644\u0625\u0646\u062a\u0631\u0646\u062a\u060c \u0648\u062a\u0637\u0628\u064a\u0642\u0627\u062a \u0645\u0641\u064a\u062f\u0629\u060c \u0648\u0623\u062f\u0648\u0627\u062a \u0625\u0628\u062f\u0627\u0639\u064a\u0629\u060c \u0623\u0648 \u062e\u064a\u0627\u0631\u0627\u062a \u0644\u0642\u0636\u0627\u0621 \u0648\u0642\u062a \u0645\u0645\u062a\u0639.<\/p>\n<\/div><div class=\"mx-5 sm:mx-0 prose leading-relaxed text-lg mb-5 text-left wp-paragraph\">\n<p><strong>\ud83d\udd39 \u0623\u062f\u0644\u0629 \u0648\u0646\u0635\u0627\u0626\u062d \u0639\u0645\u0644\u064a\u0629<\/strong><\/p>\n<\/div><div class=\"mx-5 sm:mx-0 prose leading-relaxed text-lg mb-5 text-left wp-paragraph\">\n<p>\u0645\u062d\u062a\u0648\u0649 \u062e\u0627\u0644\u062f \u064a\u062d\u062a\u0648\u064a \u0639\u0644\u0649 \u0625\u0631\u0634\u0627\u062f\u0627\u062a \u0648\u0627\u062e\u062a\u0635\u0627\u0631\u0627\u062a \u0648\u062d\u0644\u0648\u0644 \u062a\u0633\u0627\u0639\u062f \u0641\u064a \u0627\u0644\u0623\u062f\u0627\u0621 \u0648\u0627\u0644\u062a\u0646\u0638\u064a\u0645 \u0648\u0627\u0643\u062a\u0634\u0627\u0641 \u0627\u0644\u0645\u064a\u0632\u0627\u062a \u0627\u0644\u062a\u064a \u0644\u0627 \u064a\u0639\u0631\u0641\u0647\u0627 \u0627\u0644\u062c\u0645\u064a\u0639.<\/p>\n<\/div><div class=\"mx-5 sm:mx-0 prose leading-relaxed text-lg mb-5 text-left wp-paragraph\">\n<p><strong>\ud83d\udd39 \u062a\u0637\u0628\u064a\u0642\u0627\u062a \u0644\u0644\u0627\u0639\u0628\u064a\u0646<\/strong><\/p>\n<\/div><div class=\"mx-5 sm:mx-0 prose leading-relaxed text-lg mb-5 text-left wp-paragraph\">\n<p>\u0627\u0644\u0623\u062f\u0648\u0627\u062a \u0627\u0644\u062a\u064a \u062a\u0643\u0645\u0644 \u062a\u062c\u0631\u0628\u0629 \u0627\u0644\u0623\u0644\u0639\u0627\u0628\u060c \u0645\u0646 \u0645\u0633\u062c\u0644\u0627\u062a \u0627\u0644\u0634\u0627\u0634\u0629 \u0648\u0645\u0646\u0635\u0627\u062a \u0627\u0644\u0645\u062c\u062a\u0645\u0639 \u0625\u0644\u0649 \u0627\u0644\u0645\u062d\u0633\u0646\u0627\u062a \u0648\u0645\u062f\u064a\u0631\u064a \u0627\u0644\u0648\u0642\u062a.<\/p>\n<\/div><div class=\"mx-5 sm:mx-0 prose leading-relaxed text-lg mb-5 text-left wp-paragraph\">\n<p><strong>\ud83d\udd39 \u0627\u0644\u062a\u062d\u0644\u064a\u0644 \u0627\u0644\u0645\u0628\u0627\u0634\u0631 \u0648\u0627\u0644\u0645\u0646\u0627\u0633\u0628<\/strong><\/p>\n<\/div><div class=\"mx-5 sm:mx-0 prose leading-relaxed text-lg mb-5 text-left wp-paragraph\">\n<p>\u0646\u0635\u0648\u0635 \u062a\u0642\u0648\u0645 \u0628\u062a\u0642\u064a\u064a\u0645 \u0646\u0642\u0627\u0637 \u0627\u0644\u0642\u0648\u0629 \u0648\u0627\u0644\u0636\u0639\u0641 \u0644\u0643\u0644 \u0644\u0639\u0628\u0629 \u0623\u0648 \u062a\u0637\u0628\u064a\u0642\u060c \u0645\u0639 \u0627\u0644\u062a\u0631\u0643\u064a\u0632 \u0639\u0644\u0649 \u0645\u0627 \u064a\u0647\u0645 \u062d\u0642\u064b\u0627: \u0637\u0631\u064a\u0642\u0629 \u0627\u0644\u0644\u0639\u0628\u060c \u0648\u0627\u0644\u0648\u0638\u0627\u0626\u0641\u060c \u0648\u0627\u0644\u0641\u0627\u0626\u062f\u0629\u060c \u0648\u0627\u0644\u063a\u0631\u0636.<\/p>\n<\/div><div class=\"mx-5 sm:mx-0 prose leading-relaxed text-lg mb-5 text-left wp-paragraph\">\n<p><strong>\ud83d\udd39 \u063a\u0631\u0627\u0626\u0628 \u0648\u0645\u062d\u062a\u0648\u0649 \u062e\u0627\u0644\u062f<\/strong><\/p>\n<\/div><div class=\"mx-5 sm:mx-0 prose leading-relaxed text-lg mb-5 text-left wp-paragraph\">\n<p>\u062d\u0642\u0627\u0626\u0642 \u0645\u062b\u064a\u0631\u0629 \u0644\u0644\u0627\u0647\u062a\u0645\u0627\u0645\u060c \u0648\u0623\u0644\u0639\u0627\u0628 \u062d\u062f\u062f\u062a \u0639\u0635\u0631\u064b\u0627\u060c \u0648\u0627\u062a\u062c\u0627\u0647\u0627\u062a \u0639\u0627\u062f\u062a\u060c \u0648\u0642\u0635\u0635 \u062a\u0633\u0627\u0639\u062f\u0643 \u0639\u0644\u0649 \u0641\u0647\u0645 \u0627\u0644\u0633\u064a\u0646\u0627\u0631\u064a\u0648 \u0627\u0644\u062d\u0627\u0644\u064a \u0628\u0634\u0643\u0644 \u0623\u0641\u0636\u0644.<br><\/p>\n<\/div><!--advertisement--><div class=\"mx-5 sm:mx-0 sm:text-3xl text-2xl font-medium title-font mb-4 text-gray-900 text-left\">\n<h2 class=\"wp-block-heading\">\u0646\u0647\u062c\u0646\u0627<\/h2>\n<\/div><div class=\"mx-5 sm:mx-0 prose leading-relaxed text-lg mb-5 text-left wp-paragraph\">\n<p>\u0623\u0646\u062f\u0631\u0633\u0648\u0646 \u062c\u064a\u0645\u0628\u0644\u0627\u064a\u0632 \u0645\u0633\u062a\u0642\u0644\u0629 \u062a\u062d\u0631\u064a\u0631\u064a\u064b\u0627 \u0648\u0645\u0644\u062a\u0632\u0645\u0629 \u0628\u0627\u0644\u0646\u0632\u0627\u0647\u0629. \u062c\u0645\u064a\u0639 \u0645\u062d\u062a\u0648\u064a\u0627\u062a\u0647\u0627 \u0645\u0635\u0645\u0645\u0629 \u0628\u0639\u0646\u0627\u064a\u0629\u060c \u0627\u0633\u062a\u0646\u0627\u062f\u064b\u0627 \u0625\u0644\u0649 \u062a\u062c\u0627\u0631\u0628 \u0648\u0623\u0628\u062d\u0627\u062b \u0648\u0627\u0642\u0639\u064a\u0629. \u0644\u0627 \u0646\u0642\u0628\u0644 \u0623\u064a \u0645\u0642\u0627\u0628\u0644 \u0645\u0627\u062f\u064a \u0645\u0642\u0627\u0628\u0644 \u0627\u0644\u062b\u0646\u0627\u0621\u060c \u0648\u0644\u0627 \u0646\u0646\u0634\u0631 \u0642\u0648\u0627\u0626\u0645 \u062a\u0639\u062a\u0645\u062f \u0641\u0642\u0637 \u0639\u0644\u0649 \u0627\u0644\u0635\u064a\u062d\u0627\u062a \u0627\u0644\u0634\u0627\u0626\u0639\u0629.<\/p>\n<\/div><div class=\"mx-5 sm:mx-0 prose leading-relaxed text-lg mb-5 text-left wp-paragraph\">\n<p>\u0646\u0624\u0645\u0646 \u0628\u0623\u0646 \u0627\u0643\u062a\u0634\u0627\u0641 \u0627\u0644\u0623\u0644\u0639\u0627\u0628 \u0648\u0627\u0644\u062a\u0637\u0628\u064a\u0642\u0627\u062a \u0627\u0644\u0631\u0627\u0626\u0639\u0629 \u064a\u0645\u0643\u0646 \u0623\u0646 \u064a\u0643\u0648\u0646 \u062a\u062c\u0631\u0628\u0629 \u0633\u0647\u0644\u0629 \u0648\u0645\u0641\u064a\u062f\u0629 \u0648\u0645\u0645\u062a\u0639\u0629. \u0648\u0644\u0630\u0644\u0643\u060c \u0646\u0648\u0644\u064a \u0627\u0644\u0623\u0648\u0644\u0648\u064a\u0629 \u0644\u0644\u0645\u062d\u062a\u0648\u0649 \u0627\u0644\u0645\u0641\u064a\u062f \u062d\u0642\u064b\u0627\u060c \u0648\u0646\u062d\u062a\u0631\u0645 \u0648\u0642\u062a \u0627\u0644\u0642\u0627\u0631\u0626 \u0648\u0646\u0628\u062d\u062b \u0639\u0646 \u0645\u062d\u062a\u0648\u0649 \u0641\u0639\u0627\u0644.<\/p>\n<\/div><div class=\"mx-5 sm:mx-0 prose leading-relaxed text-lg mb-5 text-left wp-paragraph\">\n<p>\u062a\u0645 \u0625\u0646\u0634\u0627\u0621 Anderson Gameplays \u0644\u0647\u0630\u0627 \u0627\u0644\u063a\u0631\u0636: \u0644\u0645\u0633\u0627\u0639\u062f\u062a\u0643 \u0641\u064a \u0627\u0644\u0639\u062b\u0648\u0631 \u0639\u0644\u0649 \u062e\u064a\u0627\u0631\u0627\u062a \u062c\u064a\u062f\u0629 \u0641\u064a \u0627\u0644\u0639\u0627\u0644\u0645 \u0627\u0644\u0631\u0642\u0645\u064a\u060c \u0645\u0639 \u0645\u062d\u062a\u0648\u0649 \u0645\u0648\u062b\u0648\u0642 \u0648\u0645\u0628\u0627\u0634\u0631 \u0648\u0645\u0635\u0645\u0645 \u0628\u0639\u0646\u0627\u064a\u0629.<\/p>\n<\/div>","protected":false},"excerpt":{"rendered":"<p>\u0623\u0646\u062f\u0631\u0633\u0648\u0646 \u062c\u064a\u0645 \u0628\u0644\u0627\u064a\u0632 \u0645\u0633\u0627\u062d\u0629 \u0645\u062e\u0635\u0635\u0629 \u0644\u0639\u0634\u0627\u0642 \u0627\u0643\u062a\u0634\u0627\u0641 \u0627\u0644\u0623\u0644\u0639\u0627\u0628 \u0648\u0627\u0644\u062a\u0637\u0628\u064a\u0642\u0627\u062a \u0627\u0644\u0631\u0627\u0626\u0639\u0629. \u0633\u062a\u062c\u062f \u0647\u0646\u0627 \u0645\u0631\u0627\u062c\u0639\u0627\u062a \u0645\u0628\u0627\u0634\u0631\u0629\u060c \u0648\u0627\u0642\u062a\u0631\u0627\u062d\u0627\u062a \u0645\u062c\u0631\u0628\u0629\u060c \u0648\u0645\u062d\u062a\u0648\u0649 \u064a\u0633\u0627\u0639\u062f\u0643 \u062d\u0642\u064b\u0627 \u0641\u064a \u0627\u062e\u062a\u064a\u0627\u0631 \u0645\u0627 \u064a\u0646\u0627\u0633\u0628\u0643 \u0645\u0646 \u0627\u0644\u0623\u0644\u0639\u0627\u0628 \u0639\u0644\u0649 \u0647\u0627\u062a\u0641\u0643 \u0623\u0648 \u062c\u0647\u0627\u0632\u0643 \u0627\u0644\u0644\u0648\u062d\u064a \u0623\u0648 \u062d\u0627\u0633\u0648\u0628\u0643. \u0645\u0639 \u0643\u062b\u0631\u0629 \u0627\u0644\u0625\u0635\u062f\u0627\u0631\u0627\u062a \u0648\u0627\u0644\u0645\u064a\u0632\u0627\u062a \u0627\u0644\u062c\u062f\u064a\u062f\u0629 \u064a\u0648\u0645\u064a\u064b\u0627\u060c \u0644\u064a\u0633 \u0645\u0646 \u0627\u0644\u0633\u0647\u0644 \u062f\u0627\u0626\u0645\u064b\u0627 \u0645\u0639\u0631\u0641\u0629 \u0645\u0627 \u064a\u0646\u0627\u0633\u0628\u0643... <a class=\"more-link\" href=\"https:\/\/andersongameplays.com.br\/ar\/about\/\">\u062a\u0627\u0628\u0639 \u0627\u0644\u0642\u0631\u0627\u0621\u0629 <span class=\"screen-reader-text\">\u0645\u0639\u0644\u0648\u0645\u0627\u062a \u0639\u0646\u0627<\/span><\/a><\/p>","protected":false},"author":3,"featured_media":0,"parent":0,"menu_order":0,"comment_status":"closed","ping_status":"closed","template":"","meta":{"footnotes":""},"yoast_head":"<!-- This site is optimized with the Yoast SEO plugin v23.3 - https:\/\/yoast.com\/wordpress\/plugins\/seo\/ -->\n<title>Sobre N\u00f3s - Anderson Gameplays<\/title>\n<meta name=\"robots\" content=\"index, follow, max-snippet:-1, max-image-preview:large, max-video-preview:-1\" \/>\n<link rel=\"canonical\" href=\"https:\/\/andersongameplays.com.br\/ar\/about\/\" \/>\n<meta property=\"og:locale\" content=\"ar_AR\" \/>\n<meta property=\"og:type\" content=\"article\" \/>\n<meta property=\"og:title\" content=\"Sobre N\u00f3s - Anderson Gameplays\" \/>\n<meta property=\"og:description\" content=\"O Anderson Gameplays \u00e9 um espa\u00e7o dedicado a quem gosta de descobrir bons jogos e aplicativos. Aqui voc\u00ea encontra an\u00e1lises diretas, sugest\u00f5es testadas e conte\u00fados que realmente ajudam a escolher o que vale instalar no celular, console ou PC. Com tantos lan\u00e7amentos e novidades todos os dias, nem sempre \u00e9 f\u00e1cil saber o que funciona,&hellip; Continue reading Sobre N\u00f3s\" \/>\n<meta property=\"og:url\" content=\"https:\/\/andersongameplays.com.br\/ar\/about\/\" \/>\n<meta property=\"og:site_name\" content=\"Anderson Gameplays\" \/>\n<meta property=\"article:modified_time\" content=\"2025-06-03T21:42:21+00:00\" \/>\n<meta name=\"twitter:card\" content=\"summary_large_image\" \/>\n<meta name=\"twitter:label1\" content=\"Est. reading time\" \/>\n\t<meta name=\"twitter:data1\" content=\"3 \u062f\u0642\u0627\u0626\u0642\" \/>\n<script type=\"application\/ld+json\" class=\"yoast-schema-graph\">{\"@context\":\"https:\/\/schema.org\",\"@graph\":[{\"@type\":\"WebPage\",\"@id\":\"https:\/\/andersongameplays.com.br\/about\/\",\"url\":\"https:\/\/andersongameplays.com.br\/about\/\",\"name\":\"Sobre N\u00f3s - Anderson Gameplays\",\"isPartOf\":{\"@id\":\"https:\/\/andersongameplays.com.br\/#website\"},\"datePublished\":\"2025-06-03T21:42:20+00:00\",\"dateModified\":\"2025-06-03T21:42:21+00:00\",\"breadcrumb\":{\"@id\":\"https:\/\/andersongameplays.com.br\/about\/#breadcrumb\"},\"inLanguage\":\"ar\",\"potentialAction\":[{\"@type\":\"ReadAction\",\"target\":[\"https:\/\/andersongameplays.com.br\/about\/\"]}]},{\"@type\":\"BreadcrumbList\",\"@id\":\"https:\/\/andersongameplays.com.br\/about\/#breadcrumb\",\"itemListElement\":[{\"@type\":\"ListItem\",\"position\":1,\"name\":\"Home\",\"item\":\"https:\/\/andersongameplays.com.br\/\"},{\"@type\":\"ListItem\",\"position\":2,\"name\":\"Sobre N\u00f3s\"}]},{\"@type\":\"WebSite\",\"@id\":\"https:\/\/andersongameplays.com.br\/#website\",\"url\":\"https:\/\/andersongameplays.com.br\/\",\"name\":\"Anderson Gameplays\",\"description\":\"\",\"potentialAction\":[{\"@type\":\"SearchAction\",\"target\":{\"@type\":\"EntryPoint\",\"urlTemplate\":\"https:\/\/andersongameplays.com.br\/?s={search_term_string}\"},\"query-input\":\"required name=search_term_string\"}],\"inLanguage\":\"ar\"}]}<\/script>\n<!-- \/ Yoast SEO plugin. -->","yoast_head_json":{"title":"Sobre N\u00f3s - Anderson Gameplays","robots":{"index":"index","follow":"follow","max-snippet":"max-snippet:-1","max-image-preview":"max-image-preview:large","max-video-preview":"max-video-preview:-1"},"canonical":"https:\/\/andersongameplays.com.br\/ar\/about\/","og_locale":"ar_AR","og_type":"article","og_title":"Sobre N\u00f3s - Anderson Gameplays","og_description":"O Anderson Gameplays \u00e9 um espa\u00e7o dedicado a quem gosta de descobrir bons jogos e aplicativos. Aqui voc\u00ea encontra an\u00e1lises diretas, sugest\u00f5es testadas e conte\u00fados que realmente ajudam a escolher o que vale instalar no celular, console ou PC. Com tantos lan\u00e7amentos e novidades todos os dias, nem sempre \u00e9 f\u00e1cil saber o que funciona,&hellip; Continue reading Sobre N\u00f3s","og_url":"https:\/\/andersongameplays.com.br\/ar\/about\/","og_site_name":"Anderson Gameplays","article_modified_time":"2025-06-03T21:42:21+00:00","twitter_card":"summary_large_image","twitter_misc":{"Est. reading time":"3 \u062f\u0642\u0627\u0626\u0642"},"schema":{"@context":"https:\/\/schema.org","@graph":[{"@type":"WebPage","@id":"https:\/\/andersongameplays.com.br\/about\/","url":"https:\/\/andersongameplays.com.br\/about\/","name":"Sobre N\u00f3s - Anderson Gameplays","isPartOf":{"@id":"https:\/\/andersongameplays.com.br\/#website"},"datePublished":"2025-06-03T21:42:20+00:00","dateModified":"2025-06-03T21:42:21+00:00","breadcrumb":{"@id":"https:\/\/andersongameplays.com.br\/about\/#breadcrumb"},"inLanguage":"ar","potentialAction":[{"@type":"ReadAction","target":["https:\/\/andersongameplays.com.br\/about\/"]}]},{"@type":"BreadcrumbList","@id":"https:\/\/andersongameplays.com.br\/about\/#breadcrumb","itemListElement":[{"@type":"ListItem","position":1,"name":"Home","item":"https:\/\/andersongameplays.com.br\/"},{"@type":"ListItem","position":2,"name":"Sobre N\u00f3s"}]},{"@type":"WebSite","@id":"https:\/\/andersongameplays.com.br\/#website","url":"https:\/\/andersongameplays.com.br\/","name":"Anderson Gameplays","description":"","potentialAction":[{"@type":"SearchAction","target":{"@type":"EntryPoint","urlTemplate":"https:\/\/andersongameplays.com.br\/?s={search_term_string}"},"query-input":"required name=search_term_string"}],"inLanguage":"ar"}]}},"_links":{"self":[{"href":"https:\/\/andersongameplays.com.br\/ar\/wp-json\/wp\/v2\/pages\/28"}],"collection":[{"href":"https:\/\/andersongameplays.com.br\/ar\/wp-json\/wp\/v2\/pages"}],"about":[{"href":"https:\/\/andersongameplays.com.br\/ar\/wp-json\/wp\/v2\/types\/page"}],"author":[{"embeddable":true,"href":"https:\/\/andersongameplays.com.br\/ar\/wp-json\/wp\/v2\/users\/3"}],"replies":[{"embeddable":true,"href":"https:\/\/andersongameplays.com.br\/ar\/wp-json\/wp\/v2\/comments?post=28"}],"version-history":[{"count":1,"href":"https:\/\/andersongameplays.com.br\/ar\/wp-json\/wp\/v2\/pages\/28\/revisions"}],"predecessor-version":[{"id":29,"href":"https:\/\/andersongameplays.com.br\/ar\/wp-json\/wp\/v2\/pages\/28\/revisions\/29"}],"wp:attachment":[{"href":"https:\/\/andersongameplays.com.br\/ar\/wp-json\/wp\/v2\/media?parent=28"}],"curies":[{"name":"wp","href":"https:\/\/api.w.org\/{rel}","templated":true}]}}