{"id":28,"date":"2025-06-03T21:42:20","date_gmt":"2025-06-03T21:42:20","guid":{"rendered":"https:\/\/andersongameplays.com.br\/?page_id=28"},"modified":"2025-06-03T21:42:21","modified_gmt":"2025-06-03T21:42:21","slug":"about","status":"publish","type":"page","link":"https:\/\/andersongameplays.com.br\/de\/about\/","title":{"rendered":"\u00dcber uns"},"content":{"rendered":"<div class=\"mx-5 sm:mx-0 prose leading-relaxed text-lg mb-5 text-left wp-paragraph\">\n<p><strong><br><\/strong>Anderson Gameplays ist eine Plattform f\u00fcr alle, die gerne gute Spiele und Apps entdecken. Hier findest du unkomplizierte Rezensionen, gepr\u00fcfte Empfehlungen und Inhalte, die dir wirklich helfen, die richtigen Spiele und Apps f\u00fcr dein Smartphone, deine Konsole oder deinen PC auszuw\u00e4hlen.<\/p>\n<\/div><div class=\"mx-5 sm:mx-0 prose leading-relaxed text-lg mb-5 text-left wp-paragraph\">\n<p>Angesichts der vielen Neuerscheinungen und Inhalte, die t\u00e4glich erscheinen, ist es nicht immer einfach zu wissen, was funktioniert, was unterh\u00e4lt und was wirklich Qualit\u00e4t bietet. Genau das ist unsere Aufgabe: dieses Universum zug\u00e4nglicher, \u00fcbersichtlicher und interessanter zu gestalten \u2013 f\u00fcr all jene, die ihre Bildschirmzeit sinnvoller nutzen m\u00f6chten.<\/p>\n<\/div><div class=\"mx-5 sm:mx-0 prose leading-relaxed text-lg mb-5 text-left wp-paragraph\">\n<p>Obwohl wir beliebte Titel, n\u00fctzliche Tools und bekannte Plattformen besprechen, stehen wir in keiner Verbindung zu Marken oder Entwicklern. Anderson Gameplays verkauft, bewirbt oder vertritt keine Unternehmen. Unser Fokus liegt auf Inhalten, nicht auf Werbung.<\/p>\n<\/div><!--advertisement--><div class=\"mx-5 sm:mx-0 sm:text-3xl text-2xl font-medium title-font mb-4 text-gray-900 text-left\">\n<h2 class=\"wp-block-heading\">Unsere Mission<\/h2>\n<\/div><div class=\"mx-5 sm:mx-0 prose leading-relaxed text-lg mb-5 text-left wp-paragraph\">\n<p>Wir m\u00f6chten zuverl\u00e4ssige, praxisnahe und aktuelle Inhalte zu Spielen und Apps bieten. Egal, ob Sie regelm\u00e4\u00dfig spielen oder einfach nur nach guten Empfehlungen suchen \u2013 unser Ziel ist es, n\u00fctzliche Informationen leicht verst\u00e4ndlich und ohne \u00fcbertriebene Versprechungen zu pr\u00e4sentieren.<\/p>\n<\/div><div class=\"mx-5 sm:mx-0 prose leading-relaxed text-lg mb-5 text-left wp-paragraph\">\n<p>Unser Ziel ist Klarheit. Wir testen, vergleichen und recherchieren, damit jeder hier ver\u00f6ffentlichte Tipp und jede Analyse wirklich weiterhilft. Wir sch\u00e4tzen die Zeit unserer Leser \u2013 deshalb legen wir Wert auf Relevanz, Funktionalit\u00e4t und Interessantes.<\/p>\n<\/div><!--advertisement--><div class=\"mx-5 sm:mx-0 sm:text-3xl text-2xl font-medium title-font mb-4 text-gray-900 text-left\">\n<h2 class=\"wp-block-heading\">Was Sie hier finden<\/h2>\n<\/div><div class=\"mx-5 sm:mx-0 prose leading-relaxed text-lg mb-5 text-left wp-paragraph\">\n<p>Wir strukturieren unsere Inhalte nach Themen, die f\u00fcr diejenigen sinnvoll sind, die die Welt der Spiele und Apps mit Interesse und Neugier verfolgen:<\/p>\n<\/div><div class=\"mx-5 sm:mx-0 prose leading-relaxed text-lg mb-5 text-left wp-paragraph\">\n<p><strong>\ud83d\udd39 Spiel- und App-Vorschl\u00e4ge<\/strong><\/p>\n<\/div><div class=\"mx-5 sm:mx-0 prose leading-relaxed text-lg mb-5 text-left wp-paragraph\">\n<p>Listen und Empfehlungen f\u00fcr unterschiedliche Nutzerprofile: Offline-Spiele, n\u00fctzliche Apps, kreative Werkzeuge oder Optionen f\u00fcr ein effektives Zeitmanagement.<\/p>\n<\/div><div class=\"mx-5 sm:mx-0 prose leading-relaxed text-lg mb-5 text-left wp-paragraph\">\n<p><strong>\ud83d\udd39 Praktische Anleitungen und Tipps<\/strong><\/p>\n<\/div><div class=\"mx-5 sm:mx-0 prose leading-relaxed text-lg mb-5 text-left wp-paragraph\">\n<p>Zeitlose Inhalte mit Anleitungen, Abk\u00fcrzungen und L\u00f6sungen, die bei Leistung, Organisation und der Entdeckung von Funktionen helfen, die nicht jeder kennt.<\/p>\n<\/div><div class=\"mx-5 sm:mx-0 prose leading-relaxed text-lg mb-5 text-left wp-paragraph\">\n<p><strong>\ud83d\udd39 Apps f\u00fcr Gamer<\/strong><\/p>\n<\/div><div class=\"mx-5 sm:mx-0 prose leading-relaxed text-lg mb-5 text-left wp-paragraph\">\n<p>Tools zur Verbesserung des Spielerlebnisses, von Bildschirmrekordern und Community-Plattformen bis hin zu Optimierungs- und Zeitmanagement-Tools.<\/p>\n<\/div><div class=\"mx-5 sm:mx-0 prose leading-relaxed text-lg mb-5 text-left wp-paragraph\">\n<p><strong>\ud83d\udd39 Direkte und relevante Analysen<\/strong><\/p>\n<\/div><div class=\"mx-5 sm:mx-0 prose leading-relaxed text-lg mb-5 text-left wp-paragraph\">\n<p>Texte, die die St\u00e4rken und Schw\u00e4chen jedes Spiels oder jeder App bewerten und sich dabei auf das konzentrieren, was wirklich z\u00e4hlt: Spielmechanik, Funktionalit\u00e4t, Nutzen und Zweck.<\/p>\n<\/div><div class=\"mx-5 sm:mx-0 prose leading-relaxed text-lg mb-5 text-left wp-paragraph\">\n<p><strong>\ud83d\udd39 Interessante Fakten und zeitlose Inhalte<\/strong><\/p>\n<\/div><div class=\"mx-5 sm:mx-0 prose leading-relaxed text-lg mb-5 text-left wp-paragraph\">\n<p>Interessante Fakten, Spiele, die eine \u00c4ra pr\u00e4gten, Trends, die wiederkehren, und Geschichten, die uns helfen, die aktuelle Situation besser zu verstehen.<br><\/p>\n<\/div><!--advertisement--><div class=\"mx-5 sm:mx-0 sm:text-3xl text-2xl font-medium title-font mb-4 text-gray-900 text-left\">\n<h2 class=\"wp-block-heading\">Unser Ansatz<\/h2>\n<\/div><div class=\"mx-5 sm:mx-0 prose leading-relaxed text-lg mb-5 text-left wp-paragraph\">\n<p>Anderson Gameplays wird redaktionell unabh\u00e4ngig und mit einem Bekenntnis zu Ehrlichkeit produziert. Alle Inhalte sind sorgf\u00e4ltig durchdacht und basieren auf realen Erfahrungen und Recherchen. Wir nehmen kein Geld f\u00fcr Lob an und ver\u00f6ffentlichen keine Listen, die ausschlie\u00dflich auf Trends beruhen.<\/p>\n<\/div><div class=\"mx-5 sm:mx-0 prose leading-relaxed text-lg mb-5 text-left wp-paragraph\">\n<p>Wir sind \u00fcberzeugt, dass die Entdeckung guter Spiele und Apps ein unkompliziertes, n\u00fctzliches und unterhaltsames Erlebnis sein kann. Deshalb legen wir Wert auf Inhalte, die wirklich helfen, und respektieren die Zeit derjenigen, die nach etwas suchen, das tats\u00e4chlich funktioniert.<\/p>\n<\/div><div class=\"mx-5 sm:mx-0 prose leading-relaxed text-lg mb-5 text-left wp-paragraph\">\n<p>Anderson Gameplays existiert aus diesem Grund: um Ihnen dabei zu helfen, in der digitalen Welt gute Entscheidungen zu treffen \u2013 mit zuverl\u00e4ssigen, unkomplizierten und sorgf\u00e4ltig erstellten Inhalten.<\/p>\n<\/div>","protected":false},"excerpt":{"rendered":"<p>Anderson Gameplays ist eine Plattform f\u00fcr alle, die gerne gute Spiele und Apps entdecken. Hier findest du unkomplizierte Rezensionen, gepr\u00fcfte Empfehlungen und Inhalte, die dir wirklich helfen, die richtigen Spiele und Apps f\u00fcr dein Smartphone, deine Konsole oder deinen PC auszuw\u00e4hlen. Angesichts der vielen Neuerscheinungen und neuen Funktionen, die t\u00e4glich erscheinen, ist es nicht immer einfach zu wissen, was funktioniert\u2026 <a class=\"more-link\" href=\"https:\/\/andersongameplays.com.br\/de\/about\/\">Weiterlesen <span class=\"screen-reader-text\">\u00dcber uns<\/span><\/a><\/p>","protected":false},"author":3,"featured_media":0,"parent":0,"menu_order":0,"comment_status":"closed","ping_status":"closed","template":"","meta":{"footnotes":""},"yoast_head":"<!-- This site is optimized with the Yoast SEO plugin v23.3 - https:\/\/yoast.com\/wordpress\/plugins\/seo\/ -->\n<title>Sobre N\u00f3s - Anderson Gameplays<\/title>\n<meta name=\"robots\" content=\"index, follow, max-snippet:-1, max-image-preview:large, max-video-preview:-1\" \/>\n<link rel=\"canonical\" href=\"https:\/\/andersongameplays.com.br\/de\/about\/\" \/>\n<meta property=\"og:locale\" content=\"de_DE\" \/>\n<meta property=\"og:type\" content=\"article\" \/>\n<meta property=\"og:title\" content=\"Sobre N\u00f3s - Anderson Gameplays\" \/>\n<meta property=\"og:description\" content=\"O Anderson Gameplays \u00e9 um espa\u00e7o dedicado a quem gosta de descobrir bons jogos e aplicativos. Aqui voc\u00ea encontra an\u00e1lises diretas, sugest\u00f5es testadas e conte\u00fados que realmente ajudam a escolher o que vale instalar no celular, console ou PC. Com tantos lan\u00e7amentos e novidades todos os dias, nem sempre \u00e9 f\u00e1cil saber o que funciona,&hellip; Continue reading Sobre N\u00f3s\" \/>\n<meta property=\"og:url\" content=\"https:\/\/andersongameplays.com.br\/de\/about\/\" \/>\n<meta property=\"og:site_name\" content=\"Anderson Gameplays\" \/>\n<meta property=\"article:modified_time\" content=\"2025-06-03T21:42:21+00:00\" \/>\n<meta name=\"twitter:card\" content=\"summary_large_image\" \/>\n<meta name=\"twitter:label1\" content=\"Est. reading time\" \/>\n\t<meta name=\"twitter:data1\" content=\"3 Minuten\" \/>\n<script type=\"application\/ld+json\" class=\"yoast-schema-graph\">{\"@context\":\"https:\/\/schema.org\",\"@graph\":[{\"@type\":\"WebPage\",\"@id\":\"https:\/\/andersongameplays.com.br\/about\/\",\"url\":\"https:\/\/andersongameplays.com.br\/about\/\",\"name\":\"Sobre N\u00f3s - Anderson Gameplays\",\"isPartOf\":{\"@id\":\"https:\/\/andersongameplays.com.br\/#website\"},\"datePublished\":\"2025-06-03T21:42:20+00:00\",\"dateModified\":\"2025-06-03T21:42:21+00:00\",\"breadcrumb\":{\"@id\":\"https:\/\/andersongameplays.com.br\/about\/#breadcrumb\"},\"inLanguage\":\"de-DE\",\"potentialAction\":[{\"@type\":\"ReadAction\",\"target\":[\"https:\/\/andersongameplays.com.br\/about\/\"]}]},{\"@type\":\"BreadcrumbList\",\"@id\":\"https:\/\/andersongameplays.com.br\/about\/#breadcrumb\",\"itemListElement\":[{\"@type\":\"ListItem\",\"position\":1,\"name\":\"Home\",\"item\":\"https:\/\/andersongameplays.com.br\/\"},{\"@type\":\"ListItem\",\"position\":2,\"name\":\"Sobre N\u00f3s\"}]},{\"@type\":\"WebSite\",\"@id\":\"https:\/\/andersongameplays.com.br\/#website\",\"url\":\"https:\/\/andersongameplays.com.br\/\",\"name\":\"Anderson Gameplays\",\"description\":\"\",\"potentialAction\":[{\"@type\":\"SearchAction\",\"target\":{\"@type\":\"EntryPoint\",\"urlTemplate\":\"https:\/\/andersongameplays.com.br\/?s={search_term_string}\"},\"query-input\":\"required name=search_term_string\"}],\"inLanguage\":\"de-DE\"}]}<\/script>\n<!-- \/ Yoast SEO plugin. -->","yoast_head_json":{"title":"Sobre N\u00f3s - Anderson Gameplays","robots":{"index":"index","follow":"follow","max-snippet":"max-snippet:-1","max-image-preview":"max-image-preview:large","max-video-preview":"max-video-preview:-1"},"canonical":"https:\/\/andersongameplays.com.br\/de\/about\/","og_locale":"de_DE","og_type":"article","og_title":"Sobre N\u00f3s - Anderson Gameplays","og_description":"O Anderson Gameplays \u00e9 um espa\u00e7o dedicado a quem gosta de descobrir bons jogos e aplicativos. Aqui voc\u00ea encontra an\u00e1lises diretas, sugest\u00f5es testadas e conte\u00fados que realmente ajudam a escolher o que vale instalar no celular, console ou PC. Com tantos lan\u00e7amentos e novidades todos os dias, nem sempre \u00e9 f\u00e1cil saber o que funciona,&hellip; Continue reading Sobre N\u00f3s","og_url":"https:\/\/andersongameplays.com.br\/de\/about\/","og_site_name":"Anderson Gameplays","article_modified_time":"2025-06-03T21:42:21+00:00","twitter_card":"summary_large_image","twitter_misc":{"Est. reading time":"3 Minuten"},"schema":{"@context":"https:\/\/schema.org","@graph":[{"@type":"WebPage","@id":"https:\/\/andersongameplays.com.br\/about\/","url":"https:\/\/andersongameplays.com.br\/about\/","name":"Sobre N\u00f3s - Anderson Gameplays","isPartOf":{"@id":"https:\/\/andersongameplays.com.br\/#website"},"datePublished":"2025-06-03T21:42:20+00:00","dateModified":"2025-06-03T21:42:21+00:00","breadcrumb":{"@id":"https:\/\/andersongameplays.com.br\/about\/#breadcrumb"},"inLanguage":"de-DE","potentialAction":[{"@type":"ReadAction","target":["https:\/\/andersongameplays.com.br\/about\/"]}]},{"@type":"BreadcrumbList","@id":"https:\/\/andersongameplays.com.br\/about\/#breadcrumb","itemListElement":[{"@type":"ListItem","position":1,"name":"Home","item":"https:\/\/andersongameplays.com.br\/"},{"@type":"ListItem","position":2,"name":"Sobre N\u00f3s"}]},{"@type":"WebSite","@id":"https:\/\/andersongameplays.com.br\/#website","url":"https:\/\/andersongameplays.com.br\/","name":"Anderson Gameplays","description":"","potentialAction":[{"@type":"SearchAction","target":{"@type":"EntryPoint","urlTemplate":"https:\/\/andersongameplays.com.br\/?s={search_term_string}"},"query-input":"required name=search_term_string"}],"inLanguage":"de-DE"}]}},"_links":{"self":[{"href":"https:\/\/andersongameplays.com.br\/de\/wp-json\/wp\/v2\/pages\/28"}],"collection":[{"href":"https:\/\/andersongameplays.com.br\/de\/wp-json\/wp\/v2\/pages"}],"about":[{"href":"https:\/\/andersongameplays.com.br\/de\/wp-json\/wp\/v2\/types\/page"}],"author":[{"embeddable":true,"href":"https:\/\/andersongameplays.com.br\/de\/wp-json\/wp\/v2\/users\/3"}],"replies":[{"embeddable":true,"href":"https:\/\/andersongameplays.com.br\/de\/wp-json\/wp\/v2\/comments?post=28"}],"version-history":[{"count":1,"href":"https:\/\/andersongameplays.com.br\/de\/wp-json\/wp\/v2\/pages\/28\/revisions"}],"predecessor-version":[{"id":29,"href":"https:\/\/andersongameplays.com.br\/de\/wp-json\/wp\/v2\/pages\/28\/revisions\/29"}],"wp:attachment":[{"href":"https:\/\/andersongameplays.com.br\/de\/wp-json\/wp\/v2\/media?parent=28"}],"curies":[{"name":"wp","href":"https:\/\/api.w.org\/{rel}","templated":true}]}}