{"id":28,"date":"2025-06-03T21:42:20","date_gmt":"2025-06-03T21:42:20","guid":{"rendered":"https:\/\/andersongameplays.com.br\/?page_id=28"},"modified":"2025-06-03T21:42:21","modified_gmt":"2025-06-03T21:42:21","slug":"about","status":"publish","type":"page","link":"https:\/\/andersongameplays.com.br\/fr\/about\/","title":{"rendered":"\u00c0 propos de nous"},"content":{"rendered":"<div class=\"mx-5 sm:mx-0 prose leading-relaxed text-lg mb-5 text-left wp-paragraph\">\n<p><strong><br><\/strong>Anderson Gameplays est un espace d\u00e9di\u00e9 aux passionn\u00e9s de jeux et d&#039;applications. Vous y trouverez des critiques claires, des suggestions test\u00e9es et approuv\u00e9es, et du contenu qui vous aidera \u00e0 choisir les jeux et applications \u00e0 installer sur votre t\u00e9l\u00e9phone, console ou PC.<\/p>\n<\/div><div class=\"mx-5 sm:mx-0 prose leading-relaxed text-lg mb-5 text-left wp-paragraph\">\n<p>Avec la multitude de sorties et de nouveaux contenus chaque jour, il n&#039;est pas toujours facile de savoir ce qui fonctionne, ce qui divertit et ce qui est de qualit\u00e9. Notre r\u00f4le est pr\u00e9cis\u00e9ment celui-ci\u00a0: rendre cet univers plus accessible, plus clair et plus int\u00e9ressant pour ceux qui souhaitent optimiser leur temps d&#039;\u00e9cran.<\/p>\n<\/div><div class=\"mx-5 sm:mx-0 prose leading-relaxed text-lg mb-5 text-left wp-paragraph\">\n<p>Bien que nous \u00e9voquions des titres populaires, des outils phares et des plateformes reconnues, nous n&#039;avons aucun lien avec aucune marque ni aucun d\u00e9veloppeur. Anderson Gameplays ne vend, ne promeut sous contrat et ne repr\u00e9sente aucune entreprise. Notre priorit\u00e9 est le contenu, pas la publicit\u00e9.<\/p>\n<\/div><!--advertisement--><div class=\"mx-5 sm:mx-0 sm:text-3xl text-2xl font-medium title-font mb-4 text-gray-900 text-left\">\n<h2 class=\"wp-block-heading\">Notre mission<\/h2>\n<\/div><div class=\"mx-5 sm:mx-0 prose leading-relaxed text-lg mb-5 text-left wp-paragraph\">\n<p>Nous souhaitons vous proposer un contenu fiable, pratique et \u00e0 jour sur les jeux et les applications. Que vous soyez un joueur passionn\u00e9 ou simplement \u00e0 la recherche de bons conseils, notre objectif est de vous fournir des informations utiles de mani\u00e8re claire et accessible, sans promesses excessives.<\/p>\n<\/div><div class=\"mx-5 sm:mx-0 prose leading-relaxed text-lg mb-5 text-left wp-paragraph\">\n<p>Notre priorit\u00e9 est la clart\u00e9. Nous testons, comparons et effectuons des recherches afin que chaque conseil ou analyse publi\u00e9 ici soit v\u00e9ritablement utile. Nous savons que le temps de nos lecteurs est pr\u00e9cieux\u00a0; c\u2019est pourquoi nous privil\u00e9gions ce qui est pertinent, pratique et int\u00e9ressant.<\/p>\n<\/div><!--advertisement--><div class=\"mx-5 sm:mx-0 sm:text-3xl text-2xl font-medium title-font mb-4 text-gray-900 text-left\">\n<h2 class=\"wp-block-heading\">Ce que vous trouverez ici<\/h2>\n<\/div><div class=\"mx-5 sm:mx-0 prose leading-relaxed text-lg mb-5 text-left wp-paragraph\">\n<p>Nous organisons notre contenu autour de th\u00e8mes qui ont du sens pour ceux qui suivent avec int\u00e9r\u00eat et curiosit\u00e9 le monde des jeux et des applications\u00a0:<\/p>\n<\/div><div class=\"mx-5 sm:mx-0 prose leading-relaxed text-lg mb-5 text-left wp-paragraph\">\n<p><strong>\ud83d\udd39 Suggestions de jeux et d&#039;applications<\/strong><\/p>\n<\/div><div class=\"mx-5 sm:mx-0 prose leading-relaxed text-lg mb-5 text-left wp-paragraph\">\n<p>Listes et recommandations con\u00e7ues pour diff\u00e9rents profils d&#039;utilisation\u00a0: jeux hors ligne, applications utiles, outils cr\u00e9atifs ou options pour une gestion du temps de qualit\u00e9.<\/p>\n<\/div><div class=\"mx-5 sm:mx-0 prose leading-relaxed text-lg mb-5 text-left wp-paragraph\">\n<p><strong>\ud83d\udd39 Guides et conseils pratiques<\/strong><\/p>\n<\/div><div class=\"mx-5 sm:mx-0 prose leading-relaxed text-lg mb-5 text-left wp-paragraph\">\n<p>Un contenu intemporel proposant des conseils, des raccourcis et des solutions pour am\u00e9liorer les performances, l&#039;organisation et d\u00e9couvrir des fonctions m\u00e9connues.<\/p>\n<\/div><div class=\"mx-5 sm:mx-0 prose leading-relaxed text-lg mb-5 text-left wp-paragraph\">\n<p><strong>\ud83d\udd39 Applications pour joueurs<\/strong><\/p>\n<\/div><div class=\"mx-5 sm:mx-0 prose leading-relaxed text-lg mb-5 text-left wp-paragraph\">\n<p>Des outils qui am\u00e9liorent l&#039;exp\u00e9rience de jeu, allant des enregistreurs d&#039;\u00e9cran et des plateformes communautaires aux optimiseurs et aux outils de gestion du temps.<\/p>\n<\/div><div class=\"mx-5 sm:mx-0 prose leading-relaxed text-lg mb-5 text-left wp-paragraph\">\n<p><strong>\ud83d\udd39 Analyses directes et pertinentes<\/strong><\/p>\n<\/div><div class=\"mx-5 sm:mx-0 prose leading-relaxed text-lg mb-5 text-left wp-paragraph\">\n<p>Des textes qui \u00e9valuent les points forts et les points faibles de chaque jeu ou application, en se concentrant sur ce qui compte vraiment\u00a0: le gameplay, les fonctionnalit\u00e9s, l\u2019utilit\u00e9 et l\u2019objectif.<\/p>\n<\/div><div class=\"mx-5 sm:mx-0 prose leading-relaxed text-lg mb-5 text-left wp-paragraph\">\n<p><strong>\ud83d\udd39 Faits int\u00e9ressants et contenu intemporel<\/strong><\/p>\n<\/div><div class=\"mx-5 sm:mx-0 prose leading-relaxed text-lg mb-5 text-left wp-paragraph\">\n<p>Des faits int\u00e9ressants, des jeux qui ont marqu\u00e9 une \u00e9poque, des tendances qui font leur retour et des histoires qui nous aident \u00e0 mieux comprendre le paysage actuel.<br><\/p>\n<\/div><!--advertisement--><div class=\"mx-5 sm:mx-0 sm:text-3xl text-2xl font-medium title-font mb-4 text-gray-900 text-left\">\n<h2 class=\"wp-block-heading\">Notre approche<\/h2>\n<\/div><div class=\"mx-5 sm:mx-0 prose leading-relaxed text-lg mb-5 text-left wp-paragraph\">\n<p>Anderson Gameplays est produit en toute ind\u00e9pendance \u00e9ditoriale et dans le respect de l&#039;honn\u00eatet\u00e9. Tous les contenus sont soigneusement \u00e9labor\u00e9s, bas\u00e9s sur des exp\u00e9riences et des recherches concr\u00e8tes. Nous n&#039;acceptons aucune r\u00e9mun\u00e9ration pour des \u00e9loges et nous ne publions pas de listes uniquement bas\u00e9es sur les tendances.<\/p>\n<\/div><div class=\"mx-5 sm:mx-0 prose leading-relaxed text-lg mb-5 text-left wp-paragraph\">\n<p>Nous sommes convaincus que d\u00e9couvrir de bons jeux et applications peut \u00eatre une exp\u00e9rience simple, utile et agr\u00e9able. C&#039;est pourquoi nous privil\u00e9gions les contenus r\u00e9ellement utiles, en respectant le temps de ceux qui lisent et recherchent des solutions efficaces.<\/p>\n<\/div><div class=\"mx-5 sm:mx-0 prose leading-relaxed text-lg mb-5 text-left wp-paragraph\">\n<p>Anderson Gameplays existe pour cette raison\u00a0: vous aider \u00e0 faire de bons choix dans le monde num\u00e9rique, gr\u00e2ce \u00e0 un contenu fiable et clair, r\u00e9alis\u00e9 avec soin.<\/p>\n<\/div>","protected":false},"excerpt":{"rendered":"<p>Anderson Gameplays est un espace d\u00e9di\u00e9 aux passionn\u00e9s de jeux et d&#039;applications. Vous y trouverez des critiques claires, des suggestions test\u00e9es et approuv\u00e9es, et du contenu qui vous aidera \u00e0 choisir les jeux et applications \u00e0 installer sur votre t\u00e9l\u00e9phone, console ou PC. Avec autant de sorties et de nouveaut\u00e9s chaque jour, il n&#039;est pas toujours facile de s&#039;y retrouver\u2026 <a class=\"more-link\" href=\"https:\/\/andersongameplays.com.br\/fr\/about\/\">Poursuivez votre lecture <span class=\"screen-reader-text\">\u00c0 propos de nous<\/span><\/a><\/p>","protected":false},"author":3,"featured_media":0,"parent":0,"menu_order":0,"comment_status":"closed","ping_status":"closed","template":"","meta":{"footnotes":""},"yoast_head":"<!-- This site is optimized with the Yoast SEO plugin v23.3 - https:\/\/yoast.com\/wordpress\/plugins\/seo\/ -->\n<title>Sobre N\u00f3s - Anderson Gameplays<\/title>\n<meta name=\"robots\" content=\"index, follow, max-snippet:-1, max-image-preview:large, max-video-preview:-1\" \/>\n<link rel=\"canonical\" href=\"https:\/\/andersongameplays.com.br\/fr\/about\/\" \/>\n<meta property=\"og:locale\" content=\"fr_FR\" \/>\n<meta property=\"og:type\" content=\"article\" \/>\n<meta property=\"og:title\" content=\"Sobre N\u00f3s - Anderson Gameplays\" \/>\n<meta property=\"og:description\" content=\"O Anderson Gameplays \u00e9 um espa\u00e7o dedicado a quem gosta de descobrir bons jogos e aplicativos. Aqui voc\u00ea encontra an\u00e1lises diretas, sugest\u00f5es testadas e conte\u00fados que realmente ajudam a escolher o que vale instalar no celular, console ou PC. Com tantos lan\u00e7amentos e novidades todos os dias, nem sempre \u00e9 f\u00e1cil saber o que funciona,&hellip; Continue reading Sobre N\u00f3s\" \/>\n<meta property=\"og:url\" content=\"https:\/\/andersongameplays.com.br\/fr\/about\/\" \/>\n<meta property=\"og:site_name\" content=\"Anderson Gameplays\" \/>\n<meta property=\"article:modified_time\" content=\"2025-06-03T21:42:21+00:00\" \/>\n<meta name=\"twitter:card\" content=\"summary_large_image\" \/>\n<meta name=\"twitter:label1\" content=\"Est. reading time\" \/>\n\t<meta name=\"twitter:data1\" content=\"3 minutes\" \/>\n<script type=\"application\/ld+json\" class=\"yoast-schema-graph\">{\"@context\":\"https:\/\/schema.org\",\"@graph\":[{\"@type\":\"WebPage\",\"@id\":\"https:\/\/andersongameplays.com.br\/about\/\",\"url\":\"https:\/\/andersongameplays.com.br\/about\/\",\"name\":\"Sobre N\u00f3s - Anderson Gameplays\",\"isPartOf\":{\"@id\":\"https:\/\/andersongameplays.com.br\/#website\"},\"datePublished\":\"2025-06-03T21:42:20+00:00\",\"dateModified\":\"2025-06-03T21:42:21+00:00\",\"breadcrumb\":{\"@id\":\"https:\/\/andersongameplays.com.br\/about\/#breadcrumb\"},\"inLanguage\":\"fr-FR\",\"potentialAction\":[{\"@type\":\"ReadAction\",\"target\":[\"https:\/\/andersongameplays.com.br\/about\/\"]}]},{\"@type\":\"BreadcrumbList\",\"@id\":\"https:\/\/andersongameplays.com.br\/about\/#breadcrumb\",\"itemListElement\":[{\"@type\":\"ListItem\",\"position\":1,\"name\":\"Home\",\"item\":\"https:\/\/andersongameplays.com.br\/\"},{\"@type\":\"ListItem\",\"position\":2,\"name\":\"Sobre N\u00f3s\"}]},{\"@type\":\"WebSite\",\"@id\":\"https:\/\/andersongameplays.com.br\/#website\",\"url\":\"https:\/\/andersongameplays.com.br\/\",\"name\":\"Anderson Gameplays\",\"description\":\"\",\"potentialAction\":[{\"@type\":\"SearchAction\",\"target\":{\"@type\":\"EntryPoint\",\"urlTemplate\":\"https:\/\/andersongameplays.com.br\/?s={search_term_string}\"},\"query-input\":\"required name=search_term_string\"}],\"inLanguage\":\"fr-FR\"}]}<\/script>\n<!-- \/ Yoast SEO plugin. -->","yoast_head_json":{"title":"Sobre N\u00f3s - Anderson Gameplays","robots":{"index":"index","follow":"follow","max-snippet":"max-snippet:-1","max-image-preview":"max-image-preview:large","max-video-preview":"max-video-preview:-1"},"canonical":"https:\/\/andersongameplays.com.br\/fr\/about\/","og_locale":"fr_FR","og_type":"article","og_title":"Sobre N\u00f3s - Anderson Gameplays","og_description":"O Anderson Gameplays \u00e9 um espa\u00e7o dedicado a quem gosta de descobrir bons jogos e aplicativos. Aqui voc\u00ea encontra an\u00e1lises diretas, sugest\u00f5es testadas e conte\u00fados que realmente ajudam a escolher o que vale instalar no celular, console ou PC. Com tantos lan\u00e7amentos e novidades todos os dias, nem sempre \u00e9 f\u00e1cil saber o que funciona,&hellip; Continue reading Sobre N\u00f3s","og_url":"https:\/\/andersongameplays.com.br\/fr\/about\/","og_site_name":"Anderson Gameplays","article_modified_time":"2025-06-03T21:42:21+00:00","twitter_card":"summary_large_image","twitter_misc":{"Est. reading time":"3 minutes"},"schema":{"@context":"https:\/\/schema.org","@graph":[{"@type":"WebPage","@id":"https:\/\/andersongameplays.com.br\/about\/","url":"https:\/\/andersongameplays.com.br\/about\/","name":"Sobre N\u00f3s - Anderson Gameplays","isPartOf":{"@id":"https:\/\/andersongameplays.com.br\/#website"},"datePublished":"2025-06-03T21:42:20+00:00","dateModified":"2025-06-03T21:42:21+00:00","breadcrumb":{"@id":"https:\/\/andersongameplays.com.br\/about\/#breadcrumb"},"inLanguage":"fr-FR","potentialAction":[{"@type":"ReadAction","target":["https:\/\/andersongameplays.com.br\/about\/"]}]},{"@type":"BreadcrumbList","@id":"https:\/\/andersongameplays.com.br\/about\/#breadcrumb","itemListElement":[{"@type":"ListItem","position":1,"name":"Home","item":"https:\/\/andersongameplays.com.br\/"},{"@type":"ListItem","position":2,"name":"Sobre N\u00f3s"}]},{"@type":"WebSite","@id":"https:\/\/andersongameplays.com.br\/#website","url":"https:\/\/andersongameplays.com.br\/","name":"Anderson Gameplays","description":"","potentialAction":[{"@type":"SearchAction","target":{"@type":"EntryPoint","urlTemplate":"https:\/\/andersongameplays.com.br\/?s={search_term_string}"},"query-input":"required name=search_term_string"}],"inLanguage":"fr-FR"}]}},"_links":{"self":[{"href":"https:\/\/andersongameplays.com.br\/fr\/wp-json\/wp\/v2\/pages\/28"}],"collection":[{"href":"https:\/\/andersongameplays.com.br\/fr\/wp-json\/wp\/v2\/pages"}],"about":[{"href":"https:\/\/andersongameplays.com.br\/fr\/wp-json\/wp\/v2\/types\/page"}],"author":[{"embeddable":true,"href":"https:\/\/andersongameplays.com.br\/fr\/wp-json\/wp\/v2\/users\/3"}],"replies":[{"embeddable":true,"href":"https:\/\/andersongameplays.com.br\/fr\/wp-json\/wp\/v2\/comments?post=28"}],"version-history":[{"count":1,"href":"https:\/\/andersongameplays.com.br\/fr\/wp-json\/wp\/v2\/pages\/28\/revisions"}],"predecessor-version":[{"id":29,"href":"https:\/\/andersongameplays.com.br\/fr\/wp-json\/wp\/v2\/pages\/28\/revisions\/29"}],"wp:attachment":[{"href":"https:\/\/andersongameplays.com.br\/fr\/wp-json\/wp\/v2\/media?parent=28"}],"curies":[{"name":"wp","href":"https:\/\/api.w.org\/{rel}","templated":true}]}}