{"id":28,"date":"2025-06-03T21:42:20","date_gmt":"2025-06-03T21:42:20","guid":{"rendered":"https:\/\/andersongameplays.com.br\/?page_id=28"},"modified":"2025-06-03T21:42:21","modified_gmt":"2025-06-03T21:42:21","slug":"about","status":"publish","type":"page","link":"https:\/\/andersongameplays.com.br\/ja\/about\/","title":{"rendered":"\u79c1\u305f\u3061\u306b\u3064\u3044\u3066"},"content":{"rendered":"<div class=\"mx-5 sm:mx-0 prose leading-relaxed text-lg mb-5 text-left wp-paragraph\">\n<p><strong><br><\/strong>Anderson Gameplays\u306f\u3001\u7d20\u6674\u3089\u3057\u3044\u30b2\u30fc\u30e0\u3084\u30a2\u30d7\u30ea\u3092\u767a\u898b\u3059\u308b\u3053\u3068\u3092\u697d\u3057\u3080\u4eba\u306e\u305f\u3081\u306e\u30b9\u30da\u30fc\u30b9\u3067\u3059\u3002\u3053\u3053\u3067\u306f\u3001\u7387\u76f4\u306a\u30ec\u30d3\u30e5\u30fc\u3001\u30c6\u30b9\u30c8\u6e08\u307f\u306e\u63d0\u6848\u3001\u305d\u3057\u3066\u30b9\u30de\u30fc\u30c8\u30d5\u30a9\u30f3\u3001\u30b2\u30fc\u30e0\u6a5f\u3001PC\u306b\u30a4\u30f3\u30b9\u30c8\u30fc\u30eb\u3059\u308b\u4fa1\u5024\u306e\u3042\u308b\u3082\u306e\u3092\u9078\u3076\u306e\u306b\u5f79\u7acb\u3064\u30b3\u30f3\u30c6\u30f3\u30c4\u304c\u898b\u3064\u304b\u308a\u307e\u3059\u3002<\/p>\n<\/div><div class=\"mx-5 sm:mx-0 prose leading-relaxed text-lg mb-5 text-left wp-paragraph\">\n<p>\u6bce\u65e5\u306e\u3088\u3046\u306b\u65b0\u4f5c\u3084\u65b0\u88fd\u54c1\u304c\u30ea\u30ea\u30fc\u30b9\u3055\u308c\u308b\u4e2d\u3067\u3001\u4f55\u304c\u52b9\u679c\u7684\u3067\u3001\u4f55\u304c\u697d\u3057\u304f\u3001\u4f55\u304c\u8cea\u306e\u9ad8\u3044\u4f5c\u54c1\u306a\u306e\u304b\u3092\u898b\u6975\u3081\u308b\u306e\u306f\u5fc5\u305a\u3057\u3082\u5bb9\u6613\u3067\u306f\u3042\u308a\u307e\u305b\u3093\u3002\u79c1\u305f\u3061\u306e\u5f79\u5272\u306f\u307e\u3055\u306b\u305d\u308c\u3067\u3059\u3002\u30b9\u30af\u30ea\u30fc\u30f3\u30bf\u30a4\u30e0\u3092\u3088\u308a\u6709\u52b9\u306b\u6d3b\u7528\u3057\u305f\u3044\u4eba\u3005\u306b\u3068\u3063\u3066\u3001\u3053\u306e\u4e16\u754c\u3092\u3088\u308a\u30a2\u30af\u30bb\u30b9\u3057\u3084\u3059\u304f\u3001\u3088\u308a\u5206\u304b\u308a\u3084\u3059\u304f\u3001\u3088\u308a\u8208\u5473\u6df1\u3044\u3082\u306e\u306b\u3059\u308b\u3053\u3068\u3067\u3059\u3002<\/p>\n<\/div><div class=\"mx-5 sm:mx-0 prose leading-relaxed text-lg mb-5 text-left wp-paragraph\">\n<p>\u4eba\u6c17\u30bf\u30a4\u30c8\u30eb\u3001\u6ce8\u76ee\u306e\u30c4\u30fc\u30eb\u3001\u6709\u540d\u30d7\u30e9\u30c3\u30c8\u30d5\u30a9\u30fc\u30e0\u3092\u53d6\u308a\u4e0a\u3052\u3066\u3044\u307e\u3059\u304c\u3001\u30d6\u30e9\u30f3\u30c9\u3084\u958b\u767a\u8005\u3068\u306f\u4e00\u5207\u95a2\u4fc2\u304c\u3042\u308a\u307e\u305b\u3093\u3002Anderson Gameplays\u306f\u8ca9\u58f2\u3084\u5951\u7d04\u306b\u57fa\u3065\u304f\u30d7\u30ed\u30e2\u30fc\u30b7\u30e7\u30f3\u6d3b\u52d5\u3001\u4f01\u696d\u306e\u4ee3\u7406\u6d3b\u52d5\u306f\u884c\u3063\u3066\u304a\u308a\u307e\u305b\u3093\u3002\u79c1\u305f\u3061\u306f\u5e83\u544a\u3067\u306f\u306a\u304f\u30b3\u30f3\u30c6\u30f3\u30c4\u306b\u91cd\u70b9\u3092\u7f6e\u3044\u3066\u3044\u307e\u3059\u3002<\/p>\n<\/div><!--advertisement--><div class=\"mx-5 sm:mx-0 sm:text-3xl text-2xl font-medium title-font mb-4 text-gray-900 text-left\">\n<h2 class=\"wp-block-heading\">\u79c1\u305f\u3061\u306e\u4f7f\u547d<\/h2>\n<\/div><div class=\"mx-5 sm:mx-0 prose leading-relaxed text-lg mb-5 text-left wp-paragraph\">\n<p>\u30b2\u30fc\u30e0\u3084\u30a2\u30d7\u30ea\u306b\u95a2\u3059\u308b\u3001\u4fe1\u983c\u6027\u304c\u9ad8\u304f\u3001\u5b9f\u7528\u7684\u3067\u3001\u6700\u65b0\u306e\u30b3\u30f3\u30c6\u30f3\u30c4\u3092\u63d0\u4f9b\u3057\u305f\u3044\u3068\u8003\u3048\u3066\u3044\u307e\u3059\u3002\u983b\u7e41\u306b\u30b2\u30fc\u30e0\u3092\u30d7\u30ec\u30a4\u3059\u308b\u65b9\u306b\u3082\u3001\u5f79\u7acb\u3064\u30d2\u30f3\u30c8\u3092\u63a2\u3057\u3066\u3044\u308b\u65b9\u306b\u3082\u3001\u79c1\u305f\u3061\u306e\u76ee\u6a19\u306f\u3001\u8a87\u5f35\u3059\u308b\u3053\u3068\u306a\u304f\u3001\u5206\u304b\u308a\u3084\u3059\u304f\u5f79\u7acb\u3064\u60c5\u5831\u3092\u63d0\u4f9b\u3059\u308b\u3053\u3068\u3067\u3059\u3002<\/p>\n<\/div><div class=\"mx-5 sm:mx-0 prose leading-relaxed text-lg mb-5 text-left wp-paragraph\">\n<p>\u79c1\u305f\u3061\u306f\u660e\u77ad\u6027\u306b\u5c3d\u529b\u3057\u3066\u3044\u307e\u3059\u3002\u3053\u3053\u3067\u516c\u958b\u3059\u308b\u3059\u3079\u3066\u306e\u30d2\u30f3\u30c8\u3084\u5206\u6790\u304c\u771f\u306b\u5f79\u7acb\u3064\u3082\u306e\u3068\u306a\u308b\u3088\u3046\u3001\u30c6\u30b9\u30c8\u3001\u6bd4\u8f03\u3001\u8abf\u67fb\u3092\u91cd\u306d\u3066\u3044\u307e\u3059\u3002\u8aad\u8005\u306e\u6642\u9593\u3092\u5927\u5207\u306b\u8003\u3048\u3001\u95a2\u9023\u6027\u304c\u9ad8\u304f\u3001\u6a5f\u80fd\u7684\u3067\u3001\u8208\u5473\u6df1\u3044\u60c5\u5831\u3092\u512a\u5148\u3057\u3066\u3044\u307e\u3059\u3002<\/p>\n<\/div><!--advertisement--><div class=\"mx-5 sm:mx-0 sm:text-3xl text-2xl font-medium title-font mb-4 text-gray-900 text-left\">\n<h2 class=\"wp-block-heading\">\u3053\u3053\u3067\u898b\u3064\u304b\u308b\u3082\u306e<\/h2>\n<\/div><div class=\"mx-5 sm:mx-0 prose leading-relaxed text-lg mb-5 text-left wp-paragraph\">\n<p>\u79c1\u305f\u3061\u306f\u3001\u30b2\u30fc\u30e0\u3084\u30a2\u30d7\u30ea\u306e\u4e16\u754c\u306b\u8208\u5473\u3068\u597d\u5947\u5fc3\u3092\u6301\u3063\u3066\u8ffd\u3063\u3066\u3044\u308b\u4eba\u306b\u3068\u3063\u3066\u610f\u5473\u306e\u3042\u308b\u30c6\u30fc\u30de\u306b\u57fa\u3065\u3044\u3066\u30b3\u30f3\u30c6\u30f3\u30c4\u3092\u69cb\u6210\u3057\u3066\u3044\u307e\u3059\u3002<\/p>\n<\/div><div class=\"mx-5 sm:mx-0 prose leading-relaxed text-lg mb-5 text-left wp-paragraph\">\n<p><strong>\ud83d\udd39 \u30b2\u30fc\u30e0\u3068\u30a2\u30d7\u30ea\u306e\u63d0\u6848<\/strong><\/p>\n<\/div><div class=\"mx-5 sm:mx-0 prose leading-relaxed text-lg mb-5 text-left wp-paragraph\">\n<p>\u30aa\u30d5\u30e9\u30a4\u30f3 \u30b2\u30fc\u30e0\u3001\u4fbf\u5229\u306a\u30a2\u30d7\u30ea\u3001\u30af\u30ea\u30a8\u30a4\u30c6\u30a3\u30d6 \u30c4\u30fc\u30eb\u3001\u5145\u5b9f\u3057\u305f\u6642\u9593\u3092\u904e\u3054\u3059\u305f\u3081\u306e\u30aa\u30d7\u30b7\u30e7\u30f3\u306a\u3069\u3001\u3055\u307e\u3056\u307e\u306a\u30e6\u30fc\u30b6\u30fc \u30d7\u30ed\u30d5\u30a1\u30a4\u30eb\u5411\u3051\u306b\u8a2d\u8a08\u3055\u308c\u305f\u30ea\u30b9\u30c8\u3068\u63a8\u5968\u4e8b\u9805\u3002<\/p>\n<\/div><div class=\"mx-5 sm:mx-0 prose leading-relaxed text-lg mb-5 text-left wp-paragraph\">\n<p><strong>\ud83d\udd39 \u5b9f\u7528\u7684\u306a\u30ac\u30a4\u30c9\u3068\u30d2\u30f3\u30c8<\/strong><\/p>\n<\/div><div class=\"mx-5 sm:mx-0 prose leading-relaxed text-lg mb-5 text-left wp-paragraph\">\n<p>\u30d1\u30d5\u30a9\u30fc\u30de\u30f3\u30b9\u3001\u6574\u7406\u3001\u8ab0\u3082\u304c\u3088\u304f\u77e5\u3089\u306a\u3044\u6a5f\u80fd\u306e\u767a\u898b\u306b\u5f79\u7acb\u3064\u30ac\u30a4\u30c9\u30e9\u30a4\u30f3\u3001\u30b7\u30e7\u30fc\u30c8\u30ab\u30c3\u30c8\u3001\u30bd\u30ea\u30e5\u30fc\u30b7\u30e7\u30f3\u3092\u542b\u3080\u6642\u4ee3\u3092\u8d85\u8d8a\u3057\u305f\u30b3\u30f3\u30c6\u30f3\u30c4\u3002<\/p>\n<\/div><div class=\"mx-5 sm:mx-0 prose leading-relaxed text-lg mb-5 text-left wp-paragraph\">\n<p><strong>\ud83d\udd39 \u30b2\u30fc\u30de\u30fc\u5411\u3051\u30a2\u30d7\u30ea<\/strong><\/p>\n<\/div><div class=\"mx-5 sm:mx-0 prose leading-relaxed text-lg mb-5 text-left wp-paragraph\">\n<p>\u30b9\u30af\u30ea\u30fc\u30f3 \u30ec\u30b3\u30fc\u30c0\u30fc\u3084\u30b3\u30df\u30e5\u30cb\u30c6\u30a3 \u30d7\u30e9\u30c3\u30c8\u30d5\u30a9\u30fc\u30e0\u304b\u3089\u30aa\u30d7\u30c6\u30a3\u30de\u30a4\u30b6\u30fc\u3084\u6642\u9593\u7ba1\u7406\u307e\u3067\u3001\u30b2\u30fc\u30e0\u4f53\u9a13\u3092\u88dc\u5b8c\u3059\u308b\u30c4\u30fc\u30eb\u3002<\/p>\n<\/div><div class=\"mx-5 sm:mx-0 prose leading-relaxed text-lg mb-5 text-left wp-paragraph\">\n<p><strong>\ud83d\udd39 \u76f4\u63a5\u7684\u304b\u3064\u95a2\u9023\u6027\u306e\u3042\u308b\u5206\u6790<\/strong><\/p>\n<\/div><div class=\"mx-5 sm:mx-0 prose leading-relaxed text-lg mb-5 text-left wp-paragraph\">\n<p>\u30b2\u30fc\u30e0\u30d7\u30ec\u30a4\u3001\u6a5f\u80fd\u6027\u3001\u6709\u7528\u6027\u3001\u76ee\u7684\u306a\u3069\u3001\u672c\u5f53\u306b\u91cd\u8981\u306a\u70b9\u306b\u7126\u70b9\u3092\u5f53\u3066\u3066\u3001\u5404\u30b2\u30fc\u30e0\u307e\u305f\u306f\u30a2\u30d7\u30ea\u306e\u9577\u6240\u3068\u77ed\u6240\u3092\u8a55\u4fa1\u3059\u308b\u30c6\u30ad\u30b9\u30c8\u3002<\/p>\n<\/div><div class=\"mx-5 sm:mx-0 prose leading-relaxed text-lg mb-5 text-left wp-paragraph\">\n<p><strong>\ud83d\udd39 \u73cd\u54c1\u3068\u6642\u4ee3\u3092\u8d85\u3048\u305f\u30b3\u30f3\u30c6\u30f3\u30c4<\/strong><\/p>\n<\/div><div class=\"mx-5 sm:mx-0 prose leading-relaxed text-lg mb-5 text-left wp-paragraph\">\n<p>\u8208\u5473\u6df1\u3044\u4e8b\u5b9f\u3001\u6642\u4ee3\u3092\u5b9a\u7fa9\u3057\u305f\u30b2\u30fc\u30e0\u3001\u5fa9\u6d3b\u3057\u305f\u30c8\u30ec\u30f3\u30c9\u3001\u73fe\u5728\u306e\u72b6\u6cc1\u3092\u3088\u308a\u6df1\u304f\u7406\u89e3\u3059\u308b\u306e\u306b\u5f79\u7acb\u3064\u30b9\u30c8\u30fc\u30ea\u30fc\u3002<br><\/p>\n<\/div><!--advertisement--><div class=\"mx-5 sm:mx-0 sm:text-3xl text-2xl font-medium title-font mb-4 text-gray-900 text-left\">\n<h2 class=\"wp-block-heading\">\u79c1\u305f\u3061\u306e\u30a2\u30d7\u30ed\u30fc\u30c1<\/h2>\n<\/div><div class=\"mx-5 sm:mx-0 prose leading-relaxed text-lg mb-5 text-left wp-paragraph\">\n<p>Anderson Gameplays\u306f\u7de8\u96c6\u4e0a\u306e\u72ec\u7acb\u6027\u3092\u4fdd\u3061\u3001\u8aa0\u5b9f\u3055\u3092\u5fc3\u304c\u3051\u3066\u3044\u307e\u3059\u3002\u3059\u3079\u3066\u306e\u30b3\u30f3\u30c6\u30f3\u30c4\u306f\u3001\u5b9f\u969b\u306e\u7d4c\u9a13\u3068\u8abf\u67fb\u306b\u57fa\u3065\u3044\u3066\u4e01\u5be7\u306b\u4f5c\u6210\u3055\u308c\u3066\u3044\u307e\u3059\u3002\u8cde\u8cdb\u306b\u5bfe\u3059\u308b\u5831\u916c\u306f\u53d7\u3051\u53d6\u3089\u305a\u3001\u30c8\u30ec\u30f3\u30c9\u3060\u3051\u306b\u57fa\u3065\u3044\u305f\u30ea\u30b9\u30c8\u3082\u516c\u958b\u3057\u3066\u3044\u307e\u305b\u3093\u3002<\/p>\n<\/div><div class=\"mx-5 sm:mx-0 prose leading-relaxed text-lg mb-5 text-left wp-paragraph\">\n<p>\u7d20\u6674\u3089\u3057\u3044\u30b2\u30fc\u30e0\u3084\u30a2\u30d7\u30ea\u3092\u898b\u3064\u3051\u308b\u306e\u306f\u3001\u6c17\u8efd\u306b\u3001\u4fbf\u5229\u3067\u3001\u305d\u3057\u3066\u697d\u3057\u3044\u4f53\u9a13\u306b\u306a\u308b\u3079\u304d\u3060\u3068\u79c1\u305f\u3061\u306f\u4fe1\u3058\u3066\u3044\u307e\u3059\u3002\u3060\u304b\u3089\u3053\u305d\u3001\u8aad\u8005\u306e\u6642\u9593\u3092\u5c0a\u91cd\u3057\u3001\u5b9f\u969b\u306b\u5f79\u7acb\u3064\u30b3\u30f3\u30c6\u30f3\u30c4\u3092\u91cd\u8996\u3057\u3066\u3044\u307e\u3059\u3002<\/p>\n<\/div><div class=\"mx-5 sm:mx-0 prose leading-relaxed text-lg mb-5 text-left wp-paragraph\">\n<p>Anderson Gameplays \u306f\u3001\u4fe1\u983c\u6027\u304c\u9ad8\u304f\u3001\u308f\u304b\u308a\u3084\u3059\u304f\u3001\u601d\u616e\u6df1\u304f\u4f5c\u6210\u3055\u308c\u305f\u30b3\u30f3\u30c6\u30f3\u30c4\u3092\u901a\u3058\u3066\u3001\u30c7\u30b8\u30bf\u30eb\u4e16\u754c\u3067\u9069\u5207\u306a\u9078\u629e\u3092\u898b\u3064\u3051\u308b\u304a\u624b\u4f1d\u3044\u3092\u3059\u308b\u305f\u3081\u306b\u5b58\u5728\u3057\u307e\u3059\u3002<\/p>\n<\/div>","protected":false},"excerpt":{"rendered":"<p>Anderson Gameplays\u306f\u3001\u826f\u8cea\u306a\u30b2\u30fc\u30e0\u3084\u30a2\u30d7\u30ea\u3092\u767a\u898b\u3059\u308b\u3053\u3068\u3092\u697d\u3057\u3080\u4eba\u306e\u305f\u3081\u306e\u30b9\u30da\u30fc\u30b9\u3067\u3059\u3002\u3053\u3053\u3067\u306f\u3001\u7387\u76f4\u306a\u30ec\u30d3\u30e5\u30fc\u3001\u30c6\u30b9\u30c8\u6e08\u307f\u306e\u63d0\u6848\u3001\u305d\u3057\u3066\u30b9\u30de\u30fc\u30c8\u30d5\u30a9\u30f3\u3001\u30b3\u30f3\u30bd\u30fc\u30eb\u3001PC\u306b\u30a4\u30f3\u30b9\u30c8\u30fc\u30eb\u3059\u308b\u4fa1\u5024\u306e\u3042\u308b\u3082\u306e\u3092\u9078\u3076\u306e\u306b\u5f79\u7acb\u3064\u30b3\u30f3\u30c6\u30f3\u30c4\u304c\u898b\u3064\u304b\u308a\u307e\u3059\u3002\u6bce\u65e5\u6570\u591a\u304f\u306e\u30ea\u30ea\u30fc\u30b9\u3084\u65b0\u6a5f\u80fd\u304c\u767b\u5834\u3059\u308b\u305f\u3081\u3001\u4f55\u304c\u3046\u307e\u304f\u6a5f\u80fd\u3057\u3001\u4f55\u304c\u697d\u3057\u304f\u3001\u4f55\u304c\u8cea\u306e\u9ad8\u3044\u3082\u306e\u306a\u306e\u304b\u3092\u898b\u6975\u3081\u308b\u306e\u306f\u5fc5\u305a\u3057\u3082\u5bb9\u6613\u3067\u306f\u3042\u308a\u307e\u305b\u3093\u3002\u79c1\u305f\u3061\u306e\u5f79\u5272\u306f\u307e\u3055\u306b\u305d\u308c\u3067\u3059\u3002\u30b9\u30af\u30ea\u30fc\u30f3\u30bf\u30a4\u30e0\u3092\u3088\u308a\u6709\u52b9\u306b\u6d3b\u7528\u3057\u305f\u3044\u4eba\u3005\u306b\u3068\u3063\u3066\u3001\u3053\u306e\u4e16\u754c\u3092\u3088\u308a\u30a2\u30af\u30bb\u30b9\u3057\u3084\u3059\u304f\u3001\u3088\u308a\u660e\u78ba\u306b\u3001\u305d\u3057\u3066\u3088\u308a\u8208\u5473\u6df1\u3044\u3082\u306e\u306b\u3059\u308b\u3053\u3068\u3067\u3059\u3002\u4eba\u6c17\u30bf\u30a4\u30c8\u30eb\u3001\u6ce8\u76ee\u306e\u30c4\u30fc\u30eb\u3001\u6709\u540d\u30d7\u30e9\u30c3\u30c8\u30d5\u30a9\u30fc\u30e0\u306b\u3064\u3044\u3066\u53d6\u308a\u4e0a\u3052\u3066\u3044\u307e\u3059\u304c\u3001\u30d6\u30e9\u30f3\u30c9\u3084\u958b\u767a\u8005\u3068\u306f\u4e00\u5207\u95a2\u4fc2\u304c\u3042\u308a\u307e\u305b\u3093\u3002Anderson Gameplays\u306f\u2026 <a class=\"more-link\" href=\"https:\/\/andersongameplays.com.br\/ja\/about\/\">\u7d9a\u304d\u3092\u8aad\u3080 <span class=\"screen-reader-text\">\u79c1\u305f\u3061\u306b\u3064\u3044\u3066<\/span><\/a><\/p>","protected":false},"author":3,"featured_media":0,"parent":0,"menu_order":0,"comment_status":"closed","ping_status":"closed","template":"","meta":{"footnotes":""},"yoast_head":"<!-- This site is optimized with the Yoast SEO plugin v23.3 - https:\/\/yoast.com\/wordpress\/plugins\/seo\/ -->\n<title>Sobre N\u00f3s - Anderson Gameplays<\/title>\n<meta name=\"robots\" content=\"index, follow, max-snippet:-1, max-image-preview:large, max-video-preview:-1\" \/>\n<link rel=\"canonical\" href=\"https:\/\/andersongameplays.com.br\/ja\/about\/\" \/>\n<meta property=\"og:locale\" content=\"ja_JP\" \/>\n<meta property=\"og:type\" content=\"article\" \/>\n<meta property=\"og:title\" content=\"Sobre N\u00f3s - Anderson Gameplays\" \/>\n<meta property=\"og:description\" content=\"O Anderson Gameplays \u00e9 um espa\u00e7o dedicado a quem gosta de descobrir bons jogos e aplicativos. Aqui voc\u00ea encontra an\u00e1lises diretas, sugest\u00f5es testadas e conte\u00fados que realmente ajudam a escolher o que vale instalar no celular, console ou PC. Com tantos lan\u00e7amentos e novidades todos os dias, nem sempre \u00e9 f\u00e1cil saber o que funciona, o que entret\u00e9m e o que entrega qualidade. Nosso papel \u00e9 justamente esse: tornar esse universo mais acess\u00edvel, mais claro e mais interessante para quem quer aproveitar melhor seu tempo de tela. Apesar de falarmos sobre t\u00edtulos populares, ferramentas em destaque e plataformas conhecidas, n\u00e3o temos v\u00ednculos com marcas ou desenvolvedoras. O Anderson Gameplays n\u00e3o&hellip; Continue reading Sobre N\u00f3s\" \/>\n<meta property=\"og:url\" content=\"https:\/\/andersongameplays.com.br\/ja\/about\/\" \/>\n<meta property=\"og:site_name\" content=\"Anderson Gameplays\" \/>\n<meta property=\"article:modified_time\" content=\"2025-06-03T21:42:21+00:00\" \/>\n<meta name=\"twitter:card\" content=\"summary_large_image\" \/>\n<meta name=\"twitter:label1\" content=\"Est. reading time\" \/>\n\t<meta name=\"twitter:data1\" content=\"3\u5206\" \/>\n<script type=\"application\/ld+json\" class=\"yoast-schema-graph\">{\"@context\":\"https:\/\/schema.org\",\"@graph\":[{\"@type\":\"WebPage\",\"@id\":\"https:\/\/andersongameplays.com.br\/about\/\",\"url\":\"https:\/\/andersongameplays.com.br\/about\/\",\"name\":\"Sobre N\u00f3s - Anderson Gameplays\",\"isPartOf\":{\"@id\":\"https:\/\/andersongameplays.com.br\/#website\"},\"datePublished\":\"2025-06-03T21:42:20+00:00\",\"dateModified\":\"2025-06-03T21:42:21+00:00\",\"breadcrumb\":{\"@id\":\"https:\/\/andersongameplays.com.br\/about\/#breadcrumb\"},\"inLanguage\":\"ja\",\"potentialAction\":[{\"@type\":\"ReadAction\",\"target\":[\"https:\/\/andersongameplays.com.br\/about\/\"]}]},{\"@type\":\"BreadcrumbList\",\"@id\":\"https:\/\/andersongameplays.com.br\/about\/#breadcrumb\",\"itemListElement\":[{\"@type\":\"ListItem\",\"position\":1,\"name\":\"Home\",\"item\":\"https:\/\/andersongameplays.com.br\/\"},{\"@type\":\"ListItem\",\"position\":2,\"name\":\"Sobre N\u00f3s\"}]},{\"@type\":\"WebSite\",\"@id\":\"https:\/\/andersongameplays.com.br\/#website\",\"url\":\"https:\/\/andersongameplays.com.br\/\",\"name\":\"Anderson Gameplays\",\"description\":\"\",\"potentialAction\":[{\"@type\":\"SearchAction\",\"target\":{\"@type\":\"EntryPoint\",\"urlTemplate\":\"https:\/\/andersongameplays.com.br\/?s={search_term_string}\"},\"query-input\":\"required name=search_term_string\"}],\"inLanguage\":\"ja\"}]}<\/script>\n<!-- \/ Yoast SEO plugin. -->","yoast_head_json":{"title":"Sobre N\u00f3s - Anderson Gameplays","robots":{"index":"index","follow":"follow","max-snippet":"max-snippet:-1","max-image-preview":"max-image-preview:large","max-video-preview":"max-video-preview:-1"},"canonical":"https:\/\/andersongameplays.com.br\/ja\/about\/","og_locale":"ja_JP","og_type":"article","og_title":"Sobre N\u00f3s - Anderson Gameplays","og_description":"O Anderson Gameplays \u00e9 um espa\u00e7o dedicado a quem gosta de descobrir bons jogos e aplicativos. Aqui voc\u00ea encontra an\u00e1lises diretas, sugest\u00f5es testadas e conte\u00fados que realmente ajudam a escolher o que vale instalar no celular, console ou PC. Com tantos lan\u00e7amentos e novidades todos os dias, nem sempre \u00e9 f\u00e1cil saber o que funciona, o que entret\u00e9m e o que entrega qualidade. Nosso papel \u00e9 justamente esse: tornar esse universo mais acess\u00edvel, mais claro e mais interessante para quem quer aproveitar melhor seu tempo de tela. Apesar de falarmos sobre t\u00edtulos populares, ferramentas em destaque e plataformas conhecidas, n\u00e3o temos v\u00ednculos com marcas ou desenvolvedoras. O Anderson Gameplays n\u00e3o&hellip; Continue reading Sobre N\u00f3s","og_url":"https:\/\/andersongameplays.com.br\/ja\/about\/","og_site_name":"Anderson Gameplays","article_modified_time":"2025-06-03T21:42:21+00:00","twitter_card":"summary_large_image","twitter_misc":{"Est. reading time":"3\u5206"},"schema":{"@context":"https:\/\/schema.org","@graph":[{"@type":"WebPage","@id":"https:\/\/andersongameplays.com.br\/about\/","url":"https:\/\/andersongameplays.com.br\/about\/","name":"Sobre N\u00f3s - Anderson Gameplays","isPartOf":{"@id":"https:\/\/andersongameplays.com.br\/#website"},"datePublished":"2025-06-03T21:42:20+00:00","dateModified":"2025-06-03T21:42:21+00:00","breadcrumb":{"@id":"https:\/\/andersongameplays.com.br\/about\/#breadcrumb"},"inLanguage":"ja","potentialAction":[{"@type":"ReadAction","target":["https:\/\/andersongameplays.com.br\/about\/"]}]},{"@type":"BreadcrumbList","@id":"https:\/\/andersongameplays.com.br\/about\/#breadcrumb","itemListElement":[{"@type":"ListItem","position":1,"name":"Home","item":"https:\/\/andersongameplays.com.br\/"},{"@type":"ListItem","position":2,"name":"Sobre N\u00f3s"}]},{"@type":"WebSite","@id":"https:\/\/andersongameplays.com.br\/#website","url":"https:\/\/andersongameplays.com.br\/","name":"Anderson Gameplays","description":"","potentialAction":[{"@type":"SearchAction","target":{"@type":"EntryPoint","urlTemplate":"https:\/\/andersongameplays.com.br\/?s={search_term_string}"},"query-input":"required name=search_term_string"}],"inLanguage":"ja"}]}},"_links":{"self":[{"href":"https:\/\/andersongameplays.com.br\/ja\/wp-json\/wp\/v2\/pages\/28"}],"collection":[{"href":"https:\/\/andersongameplays.com.br\/ja\/wp-json\/wp\/v2\/pages"}],"about":[{"href":"https:\/\/andersongameplays.com.br\/ja\/wp-json\/wp\/v2\/types\/page"}],"author":[{"embeddable":true,"href":"https:\/\/andersongameplays.com.br\/ja\/wp-json\/wp\/v2\/users\/3"}],"replies":[{"embeddable":true,"href":"https:\/\/andersongameplays.com.br\/ja\/wp-json\/wp\/v2\/comments?post=28"}],"version-history":[{"count":1,"href":"https:\/\/andersongameplays.com.br\/ja\/wp-json\/wp\/v2\/pages\/28\/revisions"}],"predecessor-version":[{"id":29,"href":"https:\/\/andersongameplays.com.br\/ja\/wp-json\/wp\/v2\/pages\/28\/revisions\/29"}],"wp:attachment":[{"href":"https:\/\/andersongameplays.com.br\/ja\/wp-json\/wp\/v2\/media?parent=28"}],"curies":[{"name":"wp","href":"https:\/\/api.w.org\/{rel}","templated":true}]}}